{"id":32,"date":"2025-04-17T16:38:03","date_gmt":"2025-04-17T14:38:03","guid":{"rendered":"https:\/\/associationlaresu.com\/?page_id=32"},"modified":"2025-04-17T16:38:03","modified_gmt":"2025-04-17T14:38:03","slug":"notre-equipe","status":"publish","type":"page","link":"https:\/\/associationlaresu.com\/?page_id=32","title":{"rendered":"Notre \u00c9quipe"},"content":{"rendered":"\n<h2 class=\"wp-block-heading\"><\/h2>\n\n\n\n<p>L&rsquo;association de la RESU est constitu\u00e9e d&rsquo;un conseil d&rsquo;administration (CA), qui oriente la gestion de l&rsquo;association, notamment la gestion du budget et des b\u00e9n\u00e9voles. <\/p>\n\n\n\n<div class=\"wp-block-uagb-container uagb-block-zunqbrd2 alignfull uagb-is-root-container\"><div class=\"uagb-container-inner-blocks-wrap\">\n<div class=\"wp-block-uagb-info-box uagb-block-lluzmdmk uagb-infobox__content-wrap  uagb-infobox-icon-above-title uagb-infobox-image-valign-top\"><div class=\"uagb-ifb-content\"><div class=\"uagb-ifb-title-wrap\"><h2 class=\"uagb-ifb-title\">Quelques profils de notre \u00e9quipe<\/h2><\/div><p class=\"uagb-ifb-desc\">Our passionate and dedicated team brings together a diverse range of skills and expertise to deliver exceptional results. From creative visionaries to meticulous strategists, we work seamlessly together to meet and exceed our clients\\&rsquo; expectations.<\/p><\/div><\/div>\n\n\n\n<div class=\"wp-block-uagb-container uagb-block-dhg0ygww\">\n<div class=\"wp-block-uagb-container uagb-block-y44nxftc\">\n<div class=\"wp-block-uagb-image aligncenter uagb-block-l9csbmcr wp-block-uagb-image--layout-default wp-block-uagb-image--effect-static wp-block-uagb-image--align-center alignleft\"><figure class=\"wp-block-uagb-image__figure\"><img decoding=\"async\" srcset=\"https:\/\/associationlaresu.com\/wp-content\/uploads\/2025\/04\/Brigitte-B-Fond.png ,https:\/\/associationlaresu.com\/wp-content\/uploads\/2025\/04\/Brigitte-B-Fond.png 780w, https:\/\/associationlaresu.com\/wp-content\/uploads\/2025\/04\/Brigitte-B-Fond.png 360w\" sizes=\"auto, (max-width: 480px) 150px\" src=\"https:\/\/associationlaresu.com\/wp-content\/uploads\/2025\/04\/Brigitte-B-Fond.png\" alt=\"\" class=\"uag-image-136\" width=\"303\" height=\"460\" title=\"Brigitte Brenac + Fond\" loading=\"lazy\" role=\"img\"\/><\/figure><\/div>\n\n\n\n<div class=\"wp-block-uagb-info-box uagb-block-lvzzqo5s uagb-infobox__content-wrap  uagb-infobox-icon-above-title uagb-infobox-image-valign-top wp-block-uagb-info-box--has-margin\"><div class=\"uagb-infobox-margin-wrapper\"><div class=\"uagb-ifb-content\"><div class=\"uagb-ifb-title-wrap\"><p class=\"uagb-ifb-title\"><strong>Brigitte Brenac<br><\/strong>Membre du CA, tr\u00e9sori\u00e8re<\/p><\/div><p class=\"uagb-ifb-desc\">\u00ab\u00a0<em>Habitante du Neuhof et souhaitant apporter une contribution aux activit\u00e9s associatives du quartier, j&rsquo;ai d\u00e9couvert&nbsp;LA&nbsp;RESU&nbsp;il y a quelques ann\u00e9es gr\u00e2ce \u00e0 sa Directrice. J&rsquo;appr\u00e9cie les valeurs, les actions et&nbsp;le&nbsp;dynamisme de cette association, qui donnent du sens \u00e0&nbsp;la&nbsp;vie en commun dans ce quartier. Etant en activit\u00e9 professionnelle \u00e0 plein temps, j&rsquo;ai propos\u00e9 mon soutien en tant que membre du Conseil d&rsquo;Administration et pour&nbsp;le&nbsp;r\u00f4le&nbsp;de Tr\u00e9sori\u00e8re.<\/em>\u00ab\u00a0<\/p><\/div><\/div><\/div>\n<\/div>\n\n\n\n<div class=\"wp-block-uagb-container uagb-block-olnyua8j\">\n<div class=\"wp-block-uagb-image aligncenter uagb-block-dfqhkqhb wp-block-uagb-image--layout-default wp-block-uagb-image--effect-static wp-block-uagb-image--align-center alignleft\"><figure class=\"wp-block-uagb-image__figure\"><img decoding=\"async\" srcset=\"https:\/\/associationlaresu.com\/wp-content\/uploads\/2025\/04\/Christine.png ,https:\/\/associationlaresu.com\/wp-content\/uploads\/2025\/04\/Christine.png 780w, https:\/\/associationlaresu.com\/wp-content\/uploads\/2025\/04\/Christine.png 360w\" sizes=\"auto, (max-width: 480px) 150px\" src=\"https:\/\/associationlaresu.com\/wp-content\/uploads\/2025\/04\/Christine.png\" alt=\"\" class=\"uag-image-138\" width=\"368\" height=\"465\" title=\"Christine\" loading=\"lazy\" role=\"img\"\/><\/figure><\/div>\n\n\n\n<div class=\"wp-block-uagb-info-box uagb-block-qwlbkxyv uagb-infobox__content-wrap  uagb-infobox-icon-above-title uagb-infobox-image-valign-top wp-block-uagb-info-box--has-margin\"><div class=\"uagb-infobox-margin-wrapper\"><div class=\"uagb-ifb-content\"><div class=\"uagb-ifb-title-wrap\"><p class=\"uagb-ifb-title\"><strong>Christine Bonnet<br><\/strong>Membre du CA, professeure FLE\/FLI<\/p><\/div><p class=\"uagb-ifb-desc\">\u00ab\u00a0<em>J&rsquo;interviens dans les cours de fran\u00e7ais \u00e0&nbsp;la&nbsp;RESU&nbsp;depuis 2017 et je m&rsquo;occupe de l&rsquo;organisation de ces cours depuis quatre ans. Je me suis engag\u00e9e comme b\u00e9n\u00e9vole \u00e0&nbsp;la&nbsp;RESU&nbsp;peu apr\u00e8s mon d\u00e9part en retraite. En tant que petite structure install\u00e9e dans un quartier multi-\u00e9thnique,&nbsp;La&nbsp;RESU&nbsp;m&rsquo;a permis de mieux comprendre les difficult\u00e9s de&nbsp;la&nbsp;population immigr\u00e9e et de lui apporter un peu de soutien en lui apportant&nbsp; une meilleure compr\u00e9hension de&nbsp;la&nbsp;langue fran\u00e7aise, si difficile&nbsp;\u00e0 ma\u00eetriser.<\/em> \u00a0\u00bb <\/p><\/div><\/div><\/div>\n<\/div>\n\n\n\n<div class=\"wp-block-uagb-container uagb-block-94kwjwcv\">\n<div class=\"wp-block-uagb-image alignleft uagb-block-x3cibnmw wp-block-uagb-image--layout-default wp-block-uagb-image--effect-static wp-block-uagb-image--align-left\"><figure class=\"wp-block-uagb-image__figure\"><img decoding=\"async\" srcset=\"https:\/\/associationlaresu.com\/wp-content\/uploads\/2025\/04\/team-skip-03.jpg ,https:\/\/associationlaresu.com\/wp-content\/uploads\/2025\/04\/team-skip-01.jpg 780w\" sizes=\"auto, (max-width: 480px) 150px\" src=\"https:\/\/associationlaresu.com\/wp-content\/uploads\/2025\/04\/team-skip-03.jpg\" alt=\"\" class=\"uag-image-77914\" width=\"368\" height=\"460\" title=\"\" loading=\"lazy\" role=\"img\"\/><\/figure><\/div>\n\n\n\n<div class=\"wp-block-uagb-info-box uagb-block-cyrtxarh uagb-infobox__content-wrap  uagb-infobox-icon-above-title uagb-infobox-image-valign-top wp-block-uagb-info-box--has-margin\"><div class=\"uagb-infobox-margin-wrapper\"><div class=\"uagb-ifb-content\"><div class=\"uagb-ifb-title-wrap\"><p class=\"uagb-ifb-title\">Esther Howard<\/p><\/div><p class=\"uagb-ifb-desc\">Share some details here. This is a flexible section where you can share anything you want. It could be details or some information.<\/p><\/div><\/div><\/div>\n<\/div>\n<\/div>\n<\/div><\/div>\n\n\n\n<div class=\"wp-block-uagb-container uagb-block-y2ret3iz alignfull uagb-is-root-container\"><div class=\"uagb-container-inner-blocks-wrap\">\n<div class=\"wp-block-uagb-container uagb-layout-grid uagb-block-pcoj4sb6\">\n<div class=\"wp-block-uagb-container uagb-block-uw0vcyl9\">\n<div class=\"wp-block-uagb-image aligncenter uagb-block-4bpgus1l wp-block-uagb-image--layout-default wp-block-uagb-image--effect-static wp-block-uagb-image--align-center\"><figure class=\"wp-block-uagb-image__figure\"><img decoding=\"async\" srcset=\"https:\/\/associationlaresu.com\/wp-content\/uploads\/2025\/04\/team-skip-04.jpg ,https:\/\/associationlaresu.com\/wp-content\/uploads\/2025\/04\/team-skip-04.jpg 780w, https:\/\/associationlaresu.com\/wp-content\/uploads\/2025\/04\/team-skip-04.jpg 360w\" sizes=\"auto, (max-width: 480px) 150px\" src=\"https:\/\/associationlaresu.com\/wp-content\/uploads\/2025\/04\/team-skip-04.jpg\" alt=\"\" class=\"uag-image-77944\" width=\"64\" height=\"64\" title=\"\" loading=\"lazy\" role=\"img\"\/><\/figure><\/div>\n\n\n\n<div class=\"wp-block-uagb-info-box uagb-block-r5ovvr8f uagb-infobox__content-wrap  uagb-infobox-icon-above-title uagb-infobox-image-valign-top\"><div class=\"uagb-ifb-content\"><div class=\"uagb-ifb-title-wrap\"><p class=\"uagb-ifb-title\">Jane Cooper<\/p><\/div><p class=\"uagb-ifb-desc\">CEO<\/p><\/div><\/div>\n<\/div>\n\n\n\n<div class=\"wp-block-uagb-container uagb-block-9ex4l1oo\">\n<div class=\"wp-block-uagb-image aligncenter uagb-block-i44usgrv wp-block-uagb-image--layout-default wp-block-uagb-image--effect-static wp-block-uagb-image--align-center\"><figure class=\"wp-block-uagb-image__figure\"><img decoding=\"async\" srcset=\"https:\/\/associationlaresu.com\/wp-content\/uploads\/2025\/04\/team-skip-25.jpg ,https:\/\/associationlaresu.com\/wp-content\/uploads\/2025\/04\/team-skip-25.jpg 780w, https:\/\/associationlaresu.com\/wp-content\/uploads\/2025\/04\/team-skip-25.jpg 360w\" sizes=\"auto, (max-width: 480px) 150px\" src=\"https:\/\/associationlaresu.com\/wp-content\/uploads\/2025\/04\/team-skip-25.jpg\" alt=\"\" class=\"uag-image-78349\" width=\"64\" height=\"64\" title=\"\" loading=\"lazy\" role=\"img\"\/><\/figure><\/div>\n\n\n\n<div class=\"wp-block-uagb-info-box uagb-block-mtfqddvd uagb-infobox__content-wrap  uagb-infobox-icon-above-title uagb-infobox-image-valign-top\"><div class=\"uagb-ifb-content\"><div class=\"uagb-ifb-title-wrap\"><p class=\"uagb-ifb-title\">Wade Warren<\/p><\/div><p class=\"uagb-ifb-desc\">Director<\/p><\/div><\/div>\n<\/div>\n\n\n\n<div class=\"wp-block-uagb-container uagb-block-8tkxg7xs\">\n<div class=\"wp-block-uagb-image aligncenter uagb-block-wy48lxbo wp-block-uagb-image--layout-default wp-block-uagb-image--effect-static wp-block-uagb-image--align-center\"><figure class=\"wp-block-uagb-image__figure\"><img decoding=\"async\" srcset=\"https:\/\/associationlaresu.com\/wp-content\/uploads\/2025\/04\/team-skip-06.jpg ,https:\/\/associationlaresu.com\/wp-content\/uploads\/2025\/04\/team-skip-25.jpg 780w, https:\/\/associationlaresu.com\/wp-content\/uploads\/2025\/04\/team-skip-25.jpg 360w\" sizes=\"auto, (max-width: 480px) 150px\" src=\"https:\/\/associationlaresu.com\/wp-content\/uploads\/2025\/04\/team-skip-06.jpg\" alt=\"\" class=\"uag-image-77947\" width=\"64\" height=\"64\" title=\"\" loading=\"lazy\" role=\"img\"\/><\/figure><\/div>\n\n\n\n<div class=\"wp-block-uagb-info-box uagb-block-nj8lzvo5 uagb-infobox__content-wrap  uagb-infobox-icon-above-title uagb-infobox-image-valign-top\"><div class=\"uagb-ifb-content\"><div class=\"uagb-ifb-title-wrap\"><p class=\"uagb-ifb-title\">Esther Howard<\/p><\/div><p class=\"uagb-ifb-desc\">CRO<\/p><\/div><\/div>\n<\/div>\n\n\n\n<div class=\"wp-block-uagb-container uagb-block-4anep66m\">\n<div class=\"wp-block-uagb-image aligncenter uagb-block-pqin0fio wp-block-uagb-image--layout-default wp-block-uagb-image--effect-static wp-block-uagb-image--align-center\"><figure class=\"wp-block-uagb-image__figure\"><img decoding=\"async\" srcset=\"https:\/\/associationlaresu.com\/wp-content\/uploads\/2025\/04\/team-skip-27.jpg ,https:\/\/associationlaresu.com\/wp-content\/uploads\/2025\/04\/team-skip-25.jpg 780w, https:\/\/associationlaresu.com\/wp-content\/uploads\/2025\/04\/team-skip-25.jpg 360w\" sizes=\"auto, (max-width: 480px) 150px\" src=\"https:\/\/associationlaresu.com\/wp-content\/uploads\/2025\/04\/team-skip-27.jpg\" alt=\"\" class=\"uag-image-78358\" width=\"64\" height=\"64\" title=\"\" loading=\"lazy\" role=\"img\"\/><\/figure><\/div>\n\n\n\n<div class=\"wp-block-uagb-info-box uagb-block-7he4okwy uagb-infobox__content-wrap  uagb-infobox-icon-above-title uagb-infobox-image-valign-top\"><div class=\"uagb-ifb-content\"><div class=\"uagb-ifb-title-wrap\"><p class=\"uagb-ifb-title\">Cameron Williamson<\/p><\/div><p class=\"uagb-ifb-desc\">Director<\/p><\/div><\/div>\n<\/div>\n\n\n\n<div class=\"wp-block-uagb-container uagb-block-q4iitneb\">\n<div class=\"wp-block-uagb-image aligncenter uagb-block-jidw41yb wp-block-uagb-image--layout-default wp-block-uagb-image--effect-static wp-block-uagb-image--align-center\"><figure class=\"wp-block-uagb-image__figure\"><img decoding=\"async\" srcset=\"https:\/\/associationlaresu.com\/wp-content\/uploads\/2025\/04\/team-skip-15.jpg ,https:\/\/associationlaresu.com\/wp-content\/uploads\/2025\/04\/team-skip-25.jpg 780w, https:\/\/associationlaresu.com\/wp-content\/uploads\/2025\/04\/team-skip-25.jpg 360w\" sizes=\"auto, (max-width: 480px) 150px\" src=\"https:\/\/associationlaresu.com\/wp-content\/uploads\/2025\/04\/team-skip-15.jpg\" alt=\"\" class=\"uag-image-77971\" width=\"64\" height=\"64\" title=\"\" loading=\"lazy\" role=\"img\"\/><\/figure><\/div>\n\n\n\n<div class=\"wp-block-uagb-info-box uagb-block-exfkfopt uagb-infobox__content-wrap  uagb-infobox-icon-above-title uagb-infobox-image-valign-top\"><div class=\"uagb-ifb-content\"><div class=\"uagb-ifb-title-wrap\"><p class=\"uagb-ifb-title\">Brooklyn Simmons<\/p><\/div><p class=\"uagb-ifb-desc\">Product Manager<\/p><\/div><\/div>\n<\/div>\n\n\n\n<div class=\"wp-block-uagb-container uagb-block-z6gjqlez\">\n<div class=\"wp-block-uagb-image aligncenter uagb-block-ffiiqgqy wp-block-uagb-image--layout-default wp-block-uagb-image--effect-static wp-block-uagb-image--align-center\"><figure class=\"wp-block-uagb-image__figure\"><img decoding=\"async\" srcset=\"https:\/\/associationlaresu.com\/wp-content\/uploads\/2025\/04\/team-skip-16.jpg ,https:\/\/associationlaresu.com\/wp-content\/uploads\/2025\/04\/team-skip-25.jpg 780w, https:\/\/associationlaresu.com\/wp-content\/uploads\/2025\/04\/team-skip-25.jpg 360w\" sizes=\"auto, (max-width: 480px) 150px\" src=\"https:\/\/associationlaresu.com\/wp-content\/uploads\/2025\/04\/team-skip-16.jpg\" alt=\"\" class=\"uag-image-77972\" width=\"64\" height=\"64\" title=\"\" loading=\"lazy\" role=\"img\"\/><\/figure><\/div>\n\n\n\n<div class=\"wp-block-uagb-info-box uagb-block-rx4crig6 uagb-infobox__content-wrap  uagb-infobox-icon-above-title uagb-infobox-image-valign-top\"><div class=\"uagb-ifb-content\"><div class=\"uagb-ifb-title-wrap\"><p class=\"uagb-ifb-title\">Leslie Alexander<\/p><\/div><p class=\"uagb-ifb-desc\">Lead Designer<\/p><\/div><\/div>\n<\/div>\n\n\n\n<div class=\"wp-block-uagb-container uagb-block-47tumzcx\">\n<div class=\"wp-block-uagb-image aligncenter uagb-block-e1joqzpd wp-block-uagb-image--layout-default wp-block-uagb-image--effect-static wp-block-uagb-image--align-center\"><figure class=\"wp-block-uagb-image__figure\"><img decoding=\"async\" srcset=\"https:\/\/associationlaresu.com\/wp-content\/uploads\/2025\/04\/team-skip-22.jpg ,https:\/\/associationlaresu.com\/wp-content\/uploads\/2025\/04\/team-skip-25.jpg 780w, https:\/\/associationlaresu.com\/wp-content\/uploads\/2025\/04\/team-skip-25.jpg 360w\" sizes=\"auto, (max-width: 480px) 150px\" src=\"https:\/\/associationlaresu.com\/wp-content\/uploads\/2025\/04\/team-skip-22.jpg\" alt=\"\" class=\"uag-image-78002\" width=\"64\" height=\"64\" title=\"\" loading=\"lazy\" role=\"img\"\/><\/figure><\/div>\n\n\n\n<div class=\"wp-block-uagb-info-box uagb-block-eohelwgy uagb-infobox__content-wrap  uagb-infobox-icon-above-title uagb-infobox-image-valign-top\"><div class=\"uagb-ifb-content\"><div class=\"uagb-ifb-title-wrap\"><p class=\"uagb-ifb-title\">Guy Hawkins<\/p><\/div><p class=\"uagb-ifb-desc\">Lead Developer<\/p><\/div><\/div>\n<\/div>\n\n\n\n<div class=\"wp-block-uagb-container uagb-block-ngduyeln\">\n<div class=\"wp-block-uagb-image aligncenter uagb-block-razduxgg wp-block-uagb-image--layout-default wp-block-uagb-image--effect-static wp-block-uagb-image--align-center\"><figure class=\"wp-block-uagb-image__figure\"><img decoding=\"async\" srcset=\"https:\/\/associationlaresu.com\/wp-content\/uploads\/2025\/04\/team-skip-23.jpg ,https:\/\/associationlaresu.com\/wp-content\/uploads\/2025\/04\/team-skip-25.jpg 780w, https:\/\/associationlaresu.com\/wp-content\/uploads\/2025\/04\/team-skip-25.jpg 360w\" sizes=\"auto, (max-width: 480px) 150px\" src=\"https:\/\/associationlaresu.com\/wp-content\/uploads\/2025\/04\/team-skip-23.jpg\" alt=\"\" class=\"uag-image-78003\" width=\"64\" height=\"64\" title=\"\" loading=\"lazy\" role=\"img\"\/><\/figure><\/div>\n\n\n\n<div class=\"wp-block-uagb-info-box uagb-block-ktie7ojg uagb-infobox__content-wrap  uagb-infobox-icon-above-title uagb-infobox-image-valign-top\"><div class=\"uagb-ifb-content\"><div class=\"uagb-ifb-title-wrap\"><p class=\"uagb-ifb-title\">Jacob Jones<\/p><\/div><p class=\"uagb-ifb-desc\">Support<\/p><\/div><\/div>\n<\/div>\n<\/div>\n<\/div><\/div>\n\n\n\n<p><\/p>\n","protected":false},"excerpt":{"rendered":"<p>L&rsquo;association de la RESU est constitu\u00e9e d&rsquo;un conseil d&rsquo;administration (CA), qui oriente la gestion de l&rsquo;association, notamment la gestion du [&hellip;]<\/p>\n","protected":false},"author":1,"featured_media":0,"parent":0,"menu_order":0,"comment_status":"closed","ping_status":"closed","template":"","meta":{"_uag_custom_page_level_css":"","site-sidebar-layout":"no-sidebar","site-content-layout":"plain-container","ast-site-content-layout":"","site-content-style":"default","site-sidebar-style":"default","ast-global-header-display":"","ast-banner-title-visibility":"","ast-main-header-display":"","ast-hfb-above-header-display":"","ast-hfb-below-header-display":"","ast-hfb-mobile-header-display":"","site-post-title":"","ast-breadcrumbs-content":"","ast-featured-img":"","footer-sml-layout":"","theme-transparent-header-meta":"enabled","adv-header-id-meta":"","stick-header-meta":"","header-above-stick-meta":"","header-main-stick-meta":"","header-below-stick-meta":"","astra-migrate-meta-layouts":"default","ast-page-background-enabled":"default","ast-page-background-meta":{"desktop":{"background-color":"var(--ast-global-color-5)","background-image":"","background-repeat":"repeat","background-position":"center center","background-size":"auto","background-attachment":"scroll","background-type":"","background-media":"","overlay-type":"","overlay-color":"","overlay-opacity":"","overlay-gradient":""},"tablet":{"background-color":"","background-image":"","background-repeat":"repeat","background-position":"center center","background-size":"auto","background-attachment":"scroll","background-type":"","background-media":"","overlay-type":"","overlay-color":"","overlay-opacity":"","overlay-gradient":""},"mobile":{"background-color":"","background-image":"","background-repeat":"repeat","background-position":"center center","background-size":"auto","background-attachment":"scroll","background-type":"","background-media":"","overlay-type":"","overlay-color":"","overlay-opacity":"","overlay-gradient":""}},"ast-content-background-meta":{"desktop":{"background-color":"var(--ast-global-color-4)","background-image":"","background-repeat":"repeat","background-position":"center center","background-size":"auto","background-attachment":"scroll","background-type":"","background-media":"","overlay-type":"","overlay-color":"","overlay-opacity":"","overlay-gradient":""},"tablet":{"background-color":"var(--ast-global-color-4)","background-image":"","background-repeat":"repeat","background-position":"center center","background-size":"auto","background-attachment":"scroll","background-type":"","background-media":"","overlay-type":"","overlay-color":"","overlay-opacity":"","overlay-gradient":""},"mobile":{"background-color":"var(--ast-global-color-4)","background-image":"","background-repeat":"repeat","background-position":"center center","background-size":"auto","background-attachment":"scroll","background-type":"","background-media":"","overlay-type":"","overlay-color":"","overlay-opacity":"","overlay-gradient":""}},"footnotes":""},"class_list":["post-32","page","type-page","status-publish","hentry"],"uagb_featured_image_src":{"full":false,"thumbnail":false,"medium":false,"medium_large":false,"large":false,"1536x1536":false,"2048x2048":false},"uagb_author_info":{"display_name":"admin2058","author_link":"https:\/\/associationlaresu.com\/?author=1"},"uagb_comment_info":0,"uagb_excerpt":"L&rsquo;association de la RESU est constitu\u00e9e d&rsquo;un conseil d&rsquo;administration (CA), qui oriente la gestion de l&rsquo;association, notamment la gestion du [&hellip;]","_links":{"self":[{"href":"https:\/\/associationlaresu.com\/index.php?rest_route=\/wp\/v2\/pages\/32","targetHints":{"allow":["GET"]}}],"collection":[{"href":"https:\/\/associationlaresu.com\/index.php?rest_route=\/wp\/v2\/pages"}],"about":[{"href":"https:\/\/associationlaresu.com\/index.php?rest_route=\/wp\/v2\/types\/page"}],"author":[{"embeddable":true,"href":"https:\/\/associationlaresu.com\/index.php?rest_route=\/wp\/v2\/users\/1"}],"replies":[{"embeddable":true,"href":"https:\/\/associationlaresu.com\/index.php?rest_route=%2Fwp%2Fv2%2Fcomments&post=32"}],"version-history":[{"count":7,"href":"https:\/\/associationlaresu.com\/index.php?rest_route=\/wp\/v2\/pages\/32\/revisions"}],"predecessor-version":[{"id":217,"href":"https:\/\/associationlaresu.com\/index.php?rest_route=\/wp\/v2\/pages\/32\/revisions\/217"}],"wp:attachment":[{"href":"https:\/\/associationlaresu.com\/index.php?rest_route=%2Fwp%2Fv2%2Fmedia&parent=32"}],"curies":[{"name":"wp","href":"https:\/\/api.w.org\/{rel}","templated":true}]}}